{"id":368,"date":"2021-11-29T18:24:16","date_gmt":"2021-11-29T18:24:16","guid":{"rendered":"https:\/\/mustana-band.com\/site\/?page_id=368"},"modified":"2024-02-16T11:26:27","modified_gmt":"2024-02-16T09:26:27","slug":"mustana-band-co","status":"publish","type":"page","link":"http:\/\/mustana-band.com\/site\/mustana-band-co\/","title":{"rendered":"B\u00e4ndi"},"content":{"rendered":"<h1>J\u00c4SENET<\/h1>\n<p>\t\t\t\t\t\t\t\t\t\t\t\t\t\t\t<img loading=\"lazy\" decoding=\"async\" width=\"184\" height=\"217\" src=\"http:\/\/mustana-band.com\/site\/wp-content\/uploads\/2021\/12\/Member-1-2.png\" alt=\"\" loading=\"lazy\" \/>\t\t\t\t\t\t\t\t\t\t\t\t\t\t\t<\/p>\n<p>Ari Mustonen<\/p>\n<p>\t\t\t\t\t\t\t\t\t\t\t\t\t\t\t<img loading=\"lazy\" decoding=\"async\" width=\"184\" height=\"217\" src=\"http:\/\/mustana-band.com\/site\/wp-content\/uploads\/2021\/12\/Member2-1.png\" alt=\"\" loading=\"lazy\" \/>\t\t\t\t\t\t\t\t\t\t\t\t\t\t\t<\/p>\n<p>Valtteri Tervo<\/p>\n<p>\t\t\t\t\t\t\t\t\t\t\t\t\t\t\t<img loading=\"lazy\" decoding=\"async\" width=\"184\" height=\"217\" src=\"http:\/\/mustana-band.com\/site\/wp-content\/uploads\/2021\/12\/Member3-1.png\" alt=\"\" loading=\"lazy\" \/>\t\t\t\t\t\t\t\t\t\t\t\t\t\t\t<\/p>\n<p>Teemu Mustonen<\/p>\n<p>\t\t\t\t\t\t\t\t\t\t\t\t\t\t\t<img loading=\"lazy\" decoding=\"async\" width=\"184\" height=\"217\" src=\"http:\/\/mustana-band.com\/site\/wp-content\/uploads\/2021\/12\/Member4-1.png\" alt=\"\" loading=\"lazy\" \/>\t\t\t\t\t\t\t\t\t\t\t\t\t\t\t<\/p>\n<p>Kenneth Sj\u00f6wall<\/p>\n<p>\t\t\t\t\t\t\t\t\t\t\t\t\t\t\t<img loading=\"lazy\" decoding=\"async\" width=\"184\" height=\"217\" src=\"http:\/\/mustana-band.com\/site\/wp-content\/uploads\/2021\/12\/Member11.png\" alt=\"\" loading=\"lazy\" \/>\t\t\t\t\t\t\t\t\t\t\t\t\t\t\t<\/p>\n<p>Nina Valkama<\/p>\n<p>\t\t\t\t\t\t\t\t\t\t\t\t\t\t\t<img loading=\"lazy\" decoding=\"async\" width=\"184\" height=\"217\" src=\"http:\/\/mustana-band.com\/site\/wp-content\/uploads\/2021\/12\/Member10.png\" alt=\"\" loading=\"lazy\" \/>\t\t\t\t\t\t\t\t\t\t\t\t\t\t\t<\/p>\n<p>Nikolaus Tiiro<\/p>\n<p>\u00a0<\/p>\n<p>\t\t\t\t\t\t\t\t\t\t\t\t\t\t\t<img loading=\"lazy\" decoding=\"async\" width=\"184\" height=\"217\" src=\"http:\/\/mustana-band.com\/site\/wp-content\/uploads\/2021\/12\/Member9.png\" alt=\"\" loading=\"lazy\" \/>\t\t\t\t\t\t\t\t\t\t\t\t\t\t\t<\/p>\n<p>Yrj\u00f6 Kiiskinen<\/p>\n<p>\t\t\t\t\t\t\t\t\t\t\t\t\t\t\t<img loading=\"lazy\" decoding=\"async\" width=\"184\" height=\"217\" src=\"http:\/\/mustana-band.com\/site\/wp-content\/uploads\/2021\/12\/Member5-1.png\" alt=\"\" loading=\"lazy\" \/>\t\t\t\t\t\t\t\t\t\t\t\t\t\t\t<\/p>\n<p>Tuomas Mustonen<\/p>\n<p>\t\t\t\t\t\t\t\t\t\t\t\t\t\t\t<img loading=\"lazy\" decoding=\"async\" width=\"184\" height=\"217\" src=\"http:\/\/mustana-band.com\/site\/wp-content\/uploads\/2021\/12\/Member6-4.png\" alt=\"\" loading=\"lazy\" \/>\t\t\t\t\t\t\t\t\t\t\t\t\t\t\t<\/p>\n<p>Markus Aalto<\/p>\n<p>\t\t\t\t\t\t\t\t\t\t\t\t\t\t\t<img loading=\"lazy\" decoding=\"async\" width=\"184\" height=\"217\" src=\"http:\/\/mustana-band.com\/site\/wp-content\/uploads\/2021\/12\/Member7-1.png\" alt=\"\" loading=\"lazy\" \/>\t\t\t\t\t\t\t\t\t\t\t\t\t\t\t<\/p>\n<p>Antero P\u00f6ntisenaho<\/p>\n<p>\t\t\t\t\t\t\t\t\t\t\t\t\t\t\t<img loading=\"lazy\" decoding=\"async\" width=\"184\" height=\"217\" src=\"http:\/\/mustana-band.com\/site\/wp-content\/uploads\/2021\/12\/Member8-1.png\" alt=\"\" loading=\"lazy\" \/>\t\t\t\t\t\t\t\t\t\t\t\t\t\t\t<\/p>\n<p>Jukka-Pekka Peltoniemi<\/p>\n<h1>B\u00c4NDIN HISTORIA<\/h1>\n<p>Oletko koskaan kuullut bileb\u00e4ndi\u00e4 jossa huippuluokan soittajat p\u00e4\u00e4sev\u00e4t revittelem\u00e4\u00e4n kunnolla hyvien biisien parissa? Jonka settiin kuuluu aimo liuta tuttuja rock-klassikoita parhaasta p\u00e4\u00e4st\u00e4 isolle b\u00e4ndille sovitettuna? Jonka keikalla ihmiset hullaantuvat tanssimaan ja juhlimaan jopa ennen ylet\u00f6nt\u00e4 juopottelua? Nyt sinulla on mahdollisuus!<\/p>\n<p>Mustanan musiikki menee niin p\u00e4\u00e4h\u00e4n kuin lantioonkin ja b\u00e4ndin monipuolinen, tyylitajuisesti kasattu ja huolella sovitettu ohjelmisto p\u00e4\u00e4st\u00e4\u00e4 laulusolisteina toimivien Nina Valkaman ja Markus Aallon \u00e4\u00e4nihuulet kunnolla oikeuksiinsa. Kolmimiehiset puhallin- ja rytmisektiot t\u00e4ydent\u00e4v\u00e4t b\u00e4ndin soundia v\u00e4lill\u00e4 lattarihenkisemmin, v\u00e4lill\u00e4 muusta rytmimusiikista lainaillen ja kokonaisuus groovaa lailla villiintyneen hirvilauman. Carlos Santanan tuotannon versioinnista liikkeelle l\u00e4htenyt musiikillinen seikkailu ei ota p\u00e4\u00e4tty\u00e4kseen, joten kysymys kuuluukin: koska sin\u00e4 ja yst\u00e4v\u00e4si liitytte seuraan mukaan?<\/p>\n<p>Alunperin rumpali Ari Mustosen syntym\u00e4p\u00e4iv\u00e4juhlia varten kasatun b\u00e4ndin koko on sittemmin kasvanut ja solistien m\u00e4\u00e4r\u00e4 tuplaantunut, muusikkojen laadusta tinkim\u00e4tt\u00e4. Ensimm\u00e4isen julkisen esiintymisens\u00e4 b\u00e4ndi teki menestyksekk\u00e4\u00e4sti Oulun Valkosipuliy\u00f6ss\u00e4 vuonna 2007, ja on sen j\u00e4lkeen s\u00e4\u00e4nn\u00f6llisesti niitt\u00e4nyt mainetta varmana live-esiintyj\u00e4n\u00e4.<\/p>\n<h1>KAPPALELISTA<\/h1>\n<p>1. Smooth<br \/>2. Well Allright<br \/>3. Black Magic Woman \/ Gypsy Queen<br \/>4. Oye Como Va<br \/>5. Them Changes<br \/>6. Game of Love<br \/>7. Into the Night<br \/>8. Beautiful Maria<br \/>9. Europa<br \/>10. Soul Sacrifice<br \/>11. Evil Ways<br \/>12. She\u00b4s Not There<br \/>13. Corazon Espinado<br \/>14. You Light Up My Life<br \/>15. Take Another Piece of My Heart<br \/>16. Long Train Runnin\u2019<br \/>17. Lady Marmelade<br \/>18. Proud Mary<br \/>19. 25 or 6 to 4<br \/>20. To Make a Big Man Cry<br \/>21. When a Man Loves a Woman<br \/>22. Black is Black<br \/>23. Land of Thousand Dances<br \/>24. River Deep \u2013 Mountain High<br \/>25. I\u2019m a Man<br \/>26. Everybody\u2019s Everything<br \/>27. Samba Pa Ti<br \/>28. I Wish<br \/>29. Sir Duke<br \/>30. Superstitious<br \/>31. Born to be Wild<br \/>32. Easy Lover<br \/>33. Hope You\u2019re Feeling Better<br \/>34. Keep On Running<br \/>35. Amor Correspondido<\/p>\n","protected":false},"excerpt":{"rendered":"<p>J\u00c4SENET Ari Mustonen Valtteri Tervo Teemu Mustonen Kenneth Sj\u00f6wall Nina Valkama Nikolaus Tiiro \u00a0 Yrj\u00f6 Kiiskinen Tuomas Mustonen Markus Aalto Antero P\u00f6ntisenaho Jukka-Pekka Peltoniemi B\u00c4NDIN HISTORIA Oletko koskaan kuullut bileb\u00e4ndi\u00e4 &hellip;<\/p>\n<p class=\"read-more\"> <a class=\"\" href=\"http:\/\/mustana-band.com\/site\/mustana-band-co\/\"> <span class=\"screen-reader-text\">B\u00e4ndi<\/span> Lue lis\u00e4\u00e4 &raquo;<\/a><\/p>\n","protected":false},"author":1,"featured_media":0,"parent":0,"menu_order":0,"comment_status":"closed","ping_status":"closed","template":"","meta":{"site-sidebar-layout":"no-sidebar","site-content-layout":"page-builder","ast-main-header-display":"","ast-hfb-above-header-display":"","ast-hfb-below-header-display":"","ast-hfb-mobile-header-display":"","site-post-title":"disabled","ast-breadcrumbs-content":"","ast-featured-img":"disabled","footer-sml-layout":"","theme-transparent-header-meta":"","adv-header-id-meta":"","stick-header-meta":"","header-above-stick-meta":"","header-main-stick-meta":"","header-below-stick-meta":"","footnotes":""},"yoast_head":"<!-- This site is optimized with the Yoast SEO plugin v22.0 - https:\/\/yoast.com\/wordpress\/plugins\/seo\/ -->\n<title>Mustana Band<\/title>\n<meta name=\"description\" content=\"Oletko koskaan kuullut bileb\u00e4ndi\u00e4 jossa huippuluokan soittajat p\u00e4\u00e4sev\u00e4t revittelem\u00e4\u00e4n kunnolla hyvien biisien parissa? Mustana on premium-luokan bileb\u00e4ndi, jossa vaikuttaa joukko nuoria ja ikinuoria oululaisia musiikin ammattilaisia.\" \/>\n<meta name=\"robots\" content=\"index, follow, max-snippet:-1, max-image-preview:large, max-video-preview:-1\" \/>\n<link rel=\"canonical\" href=\"http:\/\/mustana-band.com\/site\/mustana-band-co\/\" \/>\n<meta property=\"og:locale\" content=\"fi_FI\" \/>\n<meta property=\"og:type\" content=\"article\" \/>\n<meta property=\"og:title\" content=\"Mustana Band\" \/>\n<meta property=\"og:description\" content=\"Oletko koskaan kuullut bileb\u00e4ndi\u00e4 jossa huippuluokan soittajat p\u00e4\u00e4sev\u00e4t revittelem\u00e4\u00e4n kunnolla hyvien biisien parissa? Mustana on premium-luokan bileb\u00e4ndi, jossa vaikuttaa joukko nuoria ja ikinuoria oululaisia musiikin ammattilaisia.\" \/>\n<meta property=\"og:url\" content=\"http:\/\/mustana-band.com\/site\/mustana-band-co\/\" \/>\n<meta property=\"og:site_name\" content=\"Mustana Band\" \/>\n<meta property=\"article:publisher\" content=\"https:\/\/www.facebook.com\/Mustana-Band-104895444419211\" \/>\n<meta property=\"article:modified_time\" content=\"2024-02-16T09:26:27+00:00\" \/>\n<meta property=\"og:image\" content=\"http:\/\/mustana-band.com\/site\/wp-content\/uploads\/2021\/12\/Member-1-2.png\" \/>\n<meta name=\"twitter:card\" content=\"summary_large_image\" \/>\n<meta name=\"twitter:label1\" content=\"Arvioitu lukuaika\" \/>\n\t<meta name=\"twitter:data1\" content=\"5 minuuttia\" \/>\n<script type=\"application\/ld+json\" class=\"yoast-schema-graph\">{\"@context\":\"https:\/\/schema.org\",\"@graph\":[{\"@type\":\"WebPage\",\"@id\":\"http:\/\/mustana-band.com\/site\/mustana-band-co\/\",\"url\":\"http:\/\/mustana-band.com\/site\/mustana-band-co\/\",\"name\":\"Mustana Band\",\"isPartOf\":{\"@id\":\"http:\/\/mustana-band.com\/site\/#website\"},\"datePublished\":\"2021-11-29T18:24:16+00:00\",\"dateModified\":\"2024-02-16T09:26:27+00:00\",\"description\":\"Oletko koskaan kuullut bileb\u00e4ndi\u00e4 jossa huippuluokan soittajat p\u00e4\u00e4sev\u00e4t revittelem\u00e4\u00e4n kunnolla hyvien biisien parissa? Mustana on premium-luokan bileb\u00e4ndi, jossa vaikuttaa joukko nuoria ja ikinuoria oululaisia musiikin ammattilaisia.\",\"breadcrumb\":{\"@id\":\"http:\/\/mustana-band.com\/site\/mustana-band-co\/#breadcrumb\"},\"inLanguage\":\"fi\",\"potentialAction\":[{\"@type\":\"ReadAction\",\"target\":[\"http:\/\/mustana-band.com\/site\/mustana-band-co\/\"]}]},{\"@type\":\"BreadcrumbList\",\"@id\":\"http:\/\/mustana-band.com\/site\/mustana-band-co\/#breadcrumb\",\"itemListElement\":[{\"@type\":\"ListItem\",\"position\":1,\"name\":\"Etusivu\",\"item\":\"http:\/\/mustana-band.com\/site\/\"},{\"@type\":\"ListItem\",\"position\":2,\"name\":\"B\u00e4ndi\"}]},{\"@type\":\"WebSite\",\"@id\":\"http:\/\/mustana-band.com\/site\/#website\",\"url\":\"http:\/\/mustana-band.com\/site\/\",\"name\":\"Mustana Band\",\"description\":\"\",\"potentialAction\":[{\"@type\":\"SearchAction\",\"target\":{\"@type\":\"EntryPoint\",\"urlTemplate\":\"http:\/\/mustana-band.com\/site\/?s={search_term_string}\"},\"query-input\":\"required name=search_term_string\"}],\"inLanguage\":\"fi\"}]}<\/script>\n<!-- \/ Yoast SEO plugin. -->","yoast_head_json":{"title":"Mustana Band","description":"Oletko koskaan kuullut bileb\u00e4ndi\u00e4 jossa huippuluokan soittajat p\u00e4\u00e4sev\u00e4t revittelem\u00e4\u00e4n kunnolla hyvien biisien parissa? Mustana on premium-luokan bileb\u00e4ndi, jossa vaikuttaa joukko nuoria ja ikinuoria oululaisia musiikin ammattilaisia.","robots":{"index":"index","follow":"follow","max-snippet":"max-snippet:-1","max-image-preview":"max-image-preview:large","max-video-preview":"max-video-preview:-1"},"canonical":"http:\/\/mustana-band.com\/site\/mustana-band-co\/","og_locale":"fi_FI","og_type":"article","og_title":"Mustana Band","og_description":"Oletko koskaan kuullut bileb\u00e4ndi\u00e4 jossa huippuluokan soittajat p\u00e4\u00e4sev\u00e4t revittelem\u00e4\u00e4n kunnolla hyvien biisien parissa? Mustana on premium-luokan bileb\u00e4ndi, jossa vaikuttaa joukko nuoria ja ikinuoria oululaisia musiikin ammattilaisia.","og_url":"http:\/\/mustana-band.com\/site\/mustana-band-co\/","og_site_name":"Mustana Band","article_publisher":"https:\/\/www.facebook.com\/Mustana-Band-104895444419211","article_modified_time":"2024-02-16T09:26:27+00:00","og_image":[{"url":"http:\/\/mustana-band.com\/site\/wp-content\/uploads\/2021\/12\/Member-1-2.png"}],"twitter_card":"summary_large_image","twitter_misc":{"Arvioitu lukuaika":"5 minuuttia"},"schema":{"@context":"https:\/\/schema.org","@graph":[{"@type":"WebPage","@id":"http:\/\/mustana-band.com\/site\/mustana-band-co\/","url":"http:\/\/mustana-band.com\/site\/mustana-band-co\/","name":"Mustana Band","isPartOf":{"@id":"http:\/\/mustana-band.com\/site\/#website"},"datePublished":"2021-11-29T18:24:16+00:00","dateModified":"2024-02-16T09:26:27+00:00","description":"Oletko koskaan kuullut bileb\u00e4ndi\u00e4 jossa huippuluokan soittajat p\u00e4\u00e4sev\u00e4t revittelem\u00e4\u00e4n kunnolla hyvien biisien parissa? Mustana on premium-luokan bileb\u00e4ndi, jossa vaikuttaa joukko nuoria ja ikinuoria oululaisia musiikin ammattilaisia.","breadcrumb":{"@id":"http:\/\/mustana-band.com\/site\/mustana-band-co\/#breadcrumb"},"inLanguage":"fi","potentialAction":[{"@type":"ReadAction","target":["http:\/\/mustana-band.com\/site\/mustana-band-co\/"]}]},{"@type":"BreadcrumbList","@id":"http:\/\/mustana-band.com\/site\/mustana-band-co\/#breadcrumb","itemListElement":[{"@type":"ListItem","position":1,"name":"Etusivu","item":"http:\/\/mustana-band.com\/site\/"},{"@type":"ListItem","position":2,"name":"B\u00e4ndi"}]},{"@type":"WebSite","@id":"http:\/\/mustana-band.com\/site\/#website","url":"http:\/\/mustana-band.com\/site\/","name":"Mustana Band","description":"","potentialAction":[{"@type":"SearchAction","target":{"@type":"EntryPoint","urlTemplate":"http:\/\/mustana-band.com\/site\/?s={search_term_string}"},"query-input":"required name=search_term_string"}],"inLanguage":"fi"}]}},"_links":{"self":[{"href":"http:\/\/mustana-band.com\/site\/wp-json\/wp\/v2\/pages\/368"}],"collection":[{"href":"http:\/\/mustana-band.com\/site\/wp-json\/wp\/v2\/pages"}],"about":[{"href":"http:\/\/mustana-band.com\/site\/wp-json\/wp\/v2\/types\/page"}],"author":[{"embeddable":true,"href":"http:\/\/mustana-band.com\/site\/wp-json\/wp\/v2\/users\/1"}],"replies":[{"embeddable":true,"href":"http:\/\/mustana-band.com\/site\/wp-json\/wp\/v2\/comments?post=368"}],"version-history":[{"count":205,"href":"http:\/\/mustana-band.com\/site\/wp-json\/wp\/v2\/pages\/368\/revisions"}],"predecessor-version":[{"id":1474,"href":"http:\/\/mustana-band.com\/site\/wp-json\/wp\/v2\/pages\/368\/revisions\/1474"}],"wp:attachment":[{"href":"http:\/\/mustana-band.com\/site\/wp-json\/wp\/v2\/media?parent=368"}],"curies":[{"name":"wp","href":"https:\/\/api.w.org\/{rel}","templated":true}]}}